{"id":1091,"date":"2026-01-23T19:05:05","date_gmt":"2026-01-23T18:05:05","guid":{"rendered":"https:\/\/ibr-stempel.synology.me\/?page_id=1091"},"modified":"2026-01-23T19:07:02","modified_gmt":"2026-01-23T18:07:02","slug":"impressum","status":"publish","type":"page","link":"https:\/\/ibr-stempel.synology.me\/?page_id=1091","title":{"rendered":"Impressum"},"content":{"rendered":"\n<p><strong>Verantwortlich:<\/strong><\/p>\n\n\n\n<p>Volker Stempel<br>Skaldenweg 39<br>22145 Hamburg<\/p>\n\n\n\n<p><strong>Kontakt:<\/strong><br>Telefon: +49 40 67929220<br>e-Mail: info(at)stempel-hamburg.de<\/p>\n\n\n\n<p><strong>Umsatzsteuer-ID<br><\/strong>XX\/XXX\/XXXXX<\/p>\n\n\n\n<p>Inhalt des Onlineangebotes<\/p>\n\n\n\n<p>Der Autor \u00fcbernimmt keinerlei Gew\u00e4hr f\u00fcr die Aktualit\u00e4t, Korrektheit, Vollst\u00e4ndigkeit oder Qualit\u00e4t der bereitgestellten Informationen.<\/p>\n\n\n\n<p>Alle Angebote sind freibleibend und unverbindlich.<br><br>Unser Angebot enth\u00e4lt keine Links zu externen Webseiten Dritter.<\/p>\n","protected":false},"excerpt":{"rendered":"<p>Verantwortlich: Volker StempelSkaldenweg 3922145 Hamburg Kontakt:Telefon: +49 40 67929220e-Mail: info(at)stempel-hamburg.de Umsatzsteuer-IDXX\/XXX\/XXXXX Inhalt des Onlineangebotes Der Autor \u00fcbernimmt keinerlei Gew\u00e4hr f\u00fcr die Aktualit\u00e4t, Korrektheit, Vollst\u00e4ndigkeit oder Qualit\u00e4t der bereitgestellten Informationen. Alle Angebote sind freibleibend und unverbindlich. Unser Angebot enth\u00e4lt keine Links zu externen Webseiten Dritter.<\/p>\n","protected":false},"author":1,"featured_media":0,"parent":0,"menu_order":0,"comment_status":"closed","ping_status":"closed","template":"","meta":{"_kadence_starter_templates_imported_post":false,"_kad_post_transparent":"","_kad_post_title":"","_kad_post_layout":"","_kad_post_sidebar_id":"","_kad_post_content_style":"","_kad_post_vertical_padding":"","_kad_post_feature":"","_kad_post_feature_position":"","_kad_post_header":false,"_kad_post_footer":false,"_kad_post_classname":"","footnotes":""},"class_list":["post-1091","page","type-page","status-publish","hentry"],"_links":{"self":[{"href":"https:\/\/ibr-stempel.synology.me\/index.php?rest_route=\/wp\/v2\/pages\/1091","targetHints":{"allow":["GET"]}}],"collection":[{"href":"https:\/\/ibr-stempel.synology.me\/index.php?rest_route=\/wp\/v2\/pages"}],"about":[{"href":"https:\/\/ibr-stempel.synology.me\/index.php?rest_route=\/wp\/v2\/types\/page"}],"author":[{"embeddable":true,"href":"https:\/\/ibr-stempel.synology.me\/index.php?rest_route=\/wp\/v2\/users\/1"}],"replies":[{"embeddable":true,"href":"https:\/\/ibr-stempel.synology.me\/index.php?rest_route=%2Fwp%2Fv2%2Fcomments&post=1091"}],"version-history":[{"count":4,"href":"https:\/\/ibr-stempel.synology.me\/index.php?rest_route=\/wp\/v2\/pages\/1091\/revisions"}],"predecessor-version":[{"id":1096,"href":"https:\/\/ibr-stempel.synology.me\/index.php?rest_route=\/wp\/v2\/pages\/1091\/revisions\/1096"}],"wp:attachment":[{"href":"https:\/\/ibr-stempel.synology.me\/index.php?rest_route=%2Fwp%2Fv2%2Fmedia&parent=1091"}],"curies":[{"name":"wp","href":"https:\/\/api.w.org\/{rel}","templated":true}]}}