{"id":1057,"date":"2026-01-19T19:09:50","date_gmt":"2026-01-19T18:09:50","guid":{"rendered":"https:\/\/ibr-stempel.synology.me\/?page_id=1057"},"modified":"2026-01-23T19:04:34","modified_gmt":"2026-01-23T18:04:34","slug":"anlagen","status":"publish","type":"page","link":"https:\/\/ibr-stempel.synology.me\/?page_id=1057","title":{"rendered":"Anlagen"},"content":{"rendered":"<style>.kb-row-layout-id1057_7d7505-42 > .kt-row-column-wrap{align-content:start;}:where(.kb-row-layout-id1057_7d7505-42 > .kt-row-column-wrap) > .wp-block-kadence-column{justify-content:start;}.kb-row-layout-id1057_7d7505-42 > .kt-row-column-wrap{column-gap:var(--global-kb-gap-md, 2rem);row-gap:var(--global-kb-gap-md, 2rem);max-width:var( --global-content-width, 1290px );padding-left:var(--global-content-edge-padding);padding-right:var(--global-content-edge-padding);padding-top:100px;padding-bottom:80px;grid-template-columns:minmax(0, 1fr);}.kb-row-layout-id1057_7d7505-42 > .kt-row-layout-overlay{opacity:0.30;}@media all and (max-width: 1024px){.kb-row-layout-id1057_7d7505-42 > .kt-row-column-wrap{grid-template-columns:minmax(0, 1fr);}}@media all and (max-width: 767px){.kb-row-layout-id1057_7d7505-42 > .kt-row-column-wrap{grid-template-columns:minmax(0, 1fr);}}<\/style><div class=\"kb-row-layout-wrap kb-row-layout-id1057_7d7505-42 alignnone has-theme-palette7-background-color kt-row-has-bg wp-block-kadence-rowlayout\"><div class=\"kt-row-column-wrap kt-has-1-columns kt-row-layout-equal kt-tab-layout-inherit kt-mobile-layout-row kt-row-valign-top kb-theme-content-width\">\n<style>.kadence-column1057_78edde-04 > .kt-inside-inner-col,.kadence-column1057_78edde-04 > .kt-inside-inner-col:before{border-top-left-radius:0px;border-top-right-radius:0px;border-bottom-right-radius:0px;border-bottom-left-radius:0px;}.kadence-column1057_78edde-04 > .kt-inside-inner-col{column-gap:var(--global-kb-gap-sm, 1rem);}.kadence-column1057_78edde-04 > .kt-inside-inner-col{flex-direction:column;}.kadence-column1057_78edde-04 > .kt-inside-inner-col > .aligncenter{width:100%;}.kadence-column1057_78edde-04 > .kt-inside-inner-col:before{opacity:0.3;}.kadence-column1057_78edde-04{position:relative;}@media all and (max-width: 1024px){.kadence-column1057_78edde-04 > .kt-inside-inner-col{flex-direction:column;justify-content:center;}}@media all and (max-width: 767px){.kadence-column1057_78edde-04 > .kt-inside-inner-col{flex-direction:column;justify-content:center;}}<\/style>\n<div class=\"wp-block-kadence-column kadence-column1057_78edde-04 inner-column-1\"><div class=\"kt-inside-inner-col\"><style>.wp-block-kadence-advancedheading.kt-adv-heading1057_d538cc-b5, .wp-block-kadence-advancedheading.kt-adv-heading1057_d538cc-b5[data-kb-block=\"kb-adv-heading1057_d538cc-b5\"]{text-align:center;font-style:normal;}.wp-block-kadence-advancedheading.kt-adv-heading1057_d538cc-b5 mark.kt-highlight, .wp-block-kadence-advancedheading.kt-adv-heading1057_d538cc-b5[data-kb-block=\"kb-adv-heading1057_d538cc-b5\"] mark.kt-highlight{font-style:normal;color:#f76a0c;-webkit-box-decoration-break:clone;box-decoration-break:clone;padding-top:0px;padding-right:0px;padding-bottom:0px;padding-left:0px;}.wp-block-kadence-advancedheading.kt-adv-heading1057_d538cc-b5 img.kb-inline-image, .wp-block-kadence-advancedheading.kt-adv-heading1057_d538cc-b5[data-kb-block=\"kb-adv-heading1057_d538cc-b5\"] img.kb-inline-image{width:150px;vertical-align:baseline;}<\/style>\n<h6 class=\"kt-adv-heading1057_d538cc-b5 wp-block-kadence-advancedheading\" data-kb-block=\"kb-adv-heading1057_d538cc-b5\">Browse my work<\/h6>\n\n\n<style>.wp-block-kadence-advancedheading.kt-adv-heading1057_88a4f4-08, .wp-block-kadence-advancedheading.kt-adv-heading1057_88a4f4-08[data-kb-block=\"kb-adv-heading1057_88a4f4-08\"]{text-align:center;font-style:normal;}.wp-block-kadence-advancedheading.kt-adv-heading1057_88a4f4-08 mark.kt-highlight, .wp-block-kadence-advancedheading.kt-adv-heading1057_88a4f4-08[data-kb-block=\"kb-adv-heading1057_88a4f4-08\"] mark.kt-highlight{font-style:normal;color:#f76a0c;-webkit-box-decoration-break:clone;box-decoration-break:clone;padding-top:0px;padding-right:0px;padding-bottom:0px;padding-left:0px;}.wp-block-kadence-advancedheading.kt-adv-heading1057_88a4f4-08 img.kb-inline-image, .wp-block-kadence-advancedheading.kt-adv-heading1057_88a4f4-08[data-kb-block=\"kb-adv-heading1057_88a4f4-08\"] img.kb-inline-image{width:150px;vertical-align:baseline;}@media all and (max-width: 767px){.wp-block-kadence-advancedheading.kt-adv-heading1057_88a4f4-08, .wp-block-kadence-advancedheading.kt-adv-heading1057_88a4f4-08[data-kb-block=\"kb-adv-heading1057_88a4f4-08\"]{font-size:40px;}}<\/style>\n<h1 class=\"kt-adv-heading1057_88a4f4-08 wp-block-kadence-advancedheading\" data-kb-block=\"kb-adv-heading1057_88a4f4-08\">PORTFOLIO<\/h1>\n\n\n<style>.wp-block-kadence-advancedheading.kt-adv-heading1057_71a768-96, .wp-block-kadence-advancedheading.kt-adv-heading1057_71a768-96[data-kb-block=\"kb-adv-heading1057_71a768-96\"]{text-align:center;font-style:normal;}.wp-block-kadence-advancedheading.kt-adv-heading1057_71a768-96 mark.kt-highlight, .wp-block-kadence-advancedheading.kt-adv-heading1057_71a768-96[data-kb-block=\"kb-adv-heading1057_71a768-96\"] mark.kt-highlight{font-style:normal;color:#f76a0c;-webkit-box-decoration-break:clone;box-decoration-break:clone;padding-top:0px;padding-right:0px;padding-bottom:0px;padding-left:0px;}.wp-block-kadence-advancedheading.kt-adv-heading1057_71a768-96 img.kb-inline-image, .wp-block-kadence-advancedheading.kt-adv-heading1057_71a768-96[data-kb-block=\"kb-adv-heading1057_71a768-96\"] img.kb-inline-image{width:150px;vertical-align:baseline;}<\/style>\n<p class=\"kt-adv-heading1057_71a768-96 wp-block-kadence-advancedheading\" data-kb-block=\"kb-adv-heading1057_71a768-96\">Lorem ipsum dolor sit amet, consectetur adipiscing elit. Ut elit tellus, luctus nec <br>ullamcorper mattis, pulvinar dapibus leo.<\/p>\n<\/div><\/div>\n\n<\/div><\/div>\n\n<style>.kb-row-layout-id1057_ecbef5-e6 > .kt-row-column-wrap{align-content:start;}:where(.kb-row-layout-id1057_ecbef5-e6 > .kt-row-column-wrap) > .wp-block-kadence-column{justify-content:start;}.kb-row-layout-id1057_ecbef5-e6 > .kt-row-column-wrap{column-gap:20px;row-gap:var(--global-kb-gap-md, 2rem);max-width:var( --global-content-width, 1290px );padding-left:var(--global-content-edge-padding);padding-right:var(--global-content-edge-padding);padding-top:80px;padding-bottom:80px;grid-template-columns:minmax(0, calc(30% - ((20px * 2 )\/3)))minmax(0, calc(30% - ((20px * 2 )\/3)))minmax(0, calc(40% - ((20px * 2 )\/3)));}.kb-row-layout-id1057_ecbef5-e6 > .kt-row-layout-overlay{opacity:0.30;}@media all and (max-width: 1024px){.kb-row-layout-id1057_ecbef5-e6 > .kt-row-column-wrap > *:nth-child(3n of *:not(style)){grid-column:1 \/ -1;}}@media all and (max-width: 1024px){.kb-row-layout-id1057_ecbef5-e6 > .kt-row-column-wrap{grid-template-columns:repeat(2, minmax(0, 1fr));}}@media all and (max-width: 1024px){.kb-row-layout-id1057_ecbef5-e6 > .kt-row-column-wrap > .wp-block-kadence-column:nth-child(1 of *:not(style)){order:3;}}@media all and (max-width: 1024px){.kb-row-layout-id1057_ecbef5-e6 > .kt-row-column-wrap > .wp-block-kadence-column:nth-child(2 of *:not(style)){order:2;}}@media all and (max-width: 1024px){.kb-row-layout-id1057_ecbef5-e6 > .kt-row-column-wrap > .wp-block-kadence-column:nth-child(3 of *:not(style)){order:1;}}@media all and (max-width: 1024px){.kb-row-layout-id1057_ecbef5-e6 > .kt-row-column-wrap > .wp-block-kadence-column:nth-child(4 of *:not(style)){order:13;}}@media all and (max-width: 1024px){.kb-row-layout-id1057_ecbef5-e6 > .kt-row-column-wrap > .wp-block-kadence-column:nth-child(5 of *:not(style)){order:12;}}@media all and (max-width: 1024px){.kb-row-layout-id1057_ecbef5-e6 > .kt-row-column-wrap > .wp-block-kadence-column:nth-child(6 of *:not(style)){order:11;}}@media all and (max-width: 1024px){.kb-row-layout-id1057_ecbef5-e6 > .kt-row-column-wrap > .wp-block-kadence-column:nth-child(7 of *:not(style)){order:23;}}@media all and (max-width: 1024px){.kb-row-layout-id1057_ecbef5-e6 > .kt-row-column-wrap > .wp-block-kadence-column:nth-child(8 of *:not(style)){order:22;}}@media all and (max-width: 1024px){.kb-row-layout-id1057_ecbef5-e6 > .kt-row-column-wrap > .wp-block-kadence-column:nth-child(9 of *:not(style)){order:21;}}@media all and (max-width: 1024px){.kb-row-layout-id1057_ecbef5-e6 > .kt-row-column-wrap > .wp-block-kadence-column:nth-child(10 of *:not(style)){order:33;}}@media all and (max-width: 1024px){.kb-row-layout-id1057_ecbef5-e6 > .kt-row-column-wrap > .wp-block-kadence-column:nth-child(11 of *:not(style)){order:32;}}@media all and (max-width: 1024px){.kb-row-layout-id1057_ecbef5-e6 > .kt-row-column-wrap > .wp-block-kadence-column:nth-child(12 of *:not(style)){order:31;}}@media all and (max-width: 767px){.kb-row-layout-id1057_ecbef5-e6 > .kt-row-column-wrap > div:not(.added-for-specificity){grid-column:initial;}.kb-row-layout-id1057_ecbef5-e6 > .kt-row-column-wrap{grid-template-columns:minmax(0, 1fr);}.kb-row-layout-id1057_ecbef5-e6 > .kt-row-column-wrap > .wp-block-kadence-column:nth-child(1 of *:not(style)){order:3;}.kb-row-layout-id1057_ecbef5-e6 > .kt-row-column-wrap > .wp-block-kadence-column:nth-child(2 of *:not(style)){order:2;}.kb-row-layout-id1057_ecbef5-e6 > .kt-row-column-wrap > .wp-block-kadence-column:nth-child(3 of *:not(style)){order:1;}.kb-row-layout-id1057_ecbef5-e6 > .kt-row-column-wrap > .wp-block-kadence-column:nth-child(4 of *:not(style)){order:13;}.kb-row-layout-id1057_ecbef5-e6 > .kt-row-column-wrap > .wp-block-kadence-column:nth-child(5 of *:not(style)){order:12;}.kb-row-layout-id1057_ecbef5-e6 > .kt-row-column-wrap > .wp-block-kadence-column:nth-child(6 of *:not(style)){order:11;}.kb-row-layout-id1057_ecbef5-e6 > .kt-row-column-wrap > .wp-block-kadence-column:nth-child(7 of *:not(style)){order:23;}.kb-row-layout-id1057_ecbef5-e6 > .kt-row-column-wrap > .wp-block-kadence-column:nth-child(8 of *:not(style)){order:22;}.kb-row-layout-id1057_ecbef5-e6 > .kt-row-column-wrap > .wp-block-kadence-column:nth-child(9 of *:not(style)){order:21;}.kb-row-layout-id1057_ecbef5-e6 > .kt-row-column-wrap > .wp-block-kadence-column:nth-child(10 of *:not(style)){order:33;}.kb-row-layout-id1057_ecbef5-e6 > .kt-row-column-wrap > .wp-block-kadence-column:nth-child(11 of *:not(style)){order:32;}.kb-row-layout-id1057_ecbef5-e6 > .kt-row-column-wrap > .wp-block-kadence-column:nth-child(12 of *:not(style)){order:31;}}<\/style><div class=\"kb-row-layout-wrap kb-row-layout-id1057_ecbef5-e6 alignnone wp-block-kadence-rowlayout\"><div class=\"kt-row-column-wrap kt-has-3-columns kt-row-layout-equal kt-tab-layout-last-row kt-mobile-layout-row kt-row-valign-top kb-theme-content-width\">\n<style>.kadence-column1057_085fb5-9c > .kt-inside-inner-col,.kadence-column1057_085fb5-9c > .kt-inside-inner-col:before{border-top-left-radius:0px;border-top-right-radius:0px;border-bottom-right-radius:0px;border-bottom-left-radius:0px;}.kadence-column1057_085fb5-9c > .kt-inside-inner-col{column-gap:var(--global-kb-gap-sm, 1rem);}.kadence-column1057_085fb5-9c > .kt-inside-inner-col{flex-direction:column;}.kadence-column1057_085fb5-9c > .kt-inside-inner-col > .aligncenter{width:100%;}.kadence-column1057_085fb5-9c > .kt-inside-inner-col:before{opacity:0.3;}.kadence-column1057_085fb5-9c{position:relative;}@media all and (max-width: 1024px){.kadence-column1057_085fb5-9c > .kt-inside-inner-col{flex-direction:column;justify-content:center;}}@media all and (max-width: 767px){.kadence-column1057_085fb5-9c > .kt-inside-inner-col{flex-direction:column;justify-content:center;}}<\/style>\n<div class=\"wp-block-kadence-column kadence-column1057_085fb5-9c inner-column-1\"><div class=\"kt-inside-inner-col\"><style>.kb-image1057_bcc54a-b5 .kb-image-has-overlay:after{opacity:0.3;}<\/style>\n<figure class=\"wp-block-kadence-image kb-image1057_bcc54a-b5 kb-image-is-ratio-size\"><div class=\"kb-is-ratio-image kb-image-ratio-port34\"><img loading=\"lazy\" decoding=\"async\" width=\"182\" height=\"130\" src=\"https:\/\/ibr-stempel.synology.me\/wp-content\/uploads\/2026\/01\/pic1.gif\" alt=\"\" class=\"kb-img wp-image-1071\"\/><\/div><\/figure>\n<\/div><\/div>\n\n\n<style>.kadence-column1057_63ae84-f6 > .kt-inside-inner-col{padding-top:0px;}.kadence-column1057_63ae84-f6 > .kt-inside-inner-col,.kadence-column1057_63ae84-f6 > .kt-inside-inner-col:before{border-top-left-radius:0px;border-top-right-radius:0px;border-bottom-right-radius:0px;border-bottom-left-radius:0px;}.kadence-column1057_63ae84-f6 > .kt-inside-inner-col{column-gap:var(--global-kb-gap-sm, 1rem);}.kadence-column1057_63ae84-f6 > .kt-inside-inner-col{flex-direction:column;}.kadence-column1057_63ae84-f6 > .kt-inside-inner-col > .aligncenter{width:100%;}.kadence-column1057_63ae84-f6 > .kt-inside-inner-col:before{opacity:0.3;}.kadence-column1057_63ae84-f6{position:relative;}.kadence-column1057_63ae84-f6, .kt-inside-inner-col > .kadence-column1057_63ae84-f6:not(.specificity){margin-top:0px;}@media all and (max-width: 1024px){.kadence-column1057_63ae84-f6 > .kt-inside-inner-col{flex-direction:column;justify-content:center;}}@media all and (max-width: 767px){.kadence-column1057_63ae84-f6 > .kt-inside-inner-col{flex-direction:column;justify-content:center;}}<\/style>\n<div class=\"wp-block-kadence-column kadence-column1057_63ae84-f6 inner-column-2\"><div class=\"kt-inside-inner-col\"><style>.wp-block-kadence-image.kb-image1057_002bfd-85:not(.kb-specificity-added):not(.kb-extra-specificity-added){margin-top:0px;}.kb-image1057_002bfd-85 .kb-image-has-overlay:after{opacity:0.3;}<\/style>\n<figure class=\"wp-block-kadence-image kb-image1057_002bfd-85 kb-image-is-ratio-size\"><div class=\"kb-is-ratio-image kb-image-ratio-land169\"><img loading=\"lazy\" decoding=\"async\" width=\"182\" height=\"130\" src=\"https:\/\/ibr-stempel.synology.me\/wp-content\/uploads\/2026\/01\/pic1.gif\" alt=\"\" class=\"kb-img wp-image-1071\"\/><\/div><\/figure>\n\n\n<style>.kb-image1057_d56749-7c .kb-image-has-overlay:after{opacity:0.3;}<\/style>\n<figure class=\"wp-block-kadence-image kb-image1057_d56749-7c kb-image-is-ratio-size\"><div class=\"kb-is-ratio-image kb-image-ratio-land32\"><img loading=\"lazy\" decoding=\"async\" width=\"182\" height=\"130\" src=\"https:\/\/ibr-stempel.synology.me\/wp-content\/uploads\/2026\/01\/pic1.gif\" alt=\"\" class=\"kb-img wp-image-1071\"\/><\/div><\/figure>\n<\/div><\/div>\n\n\n<style>.kadence-column1057_0e9ede-b9 > .kt-inside-inner-col,.kadence-column1057_0e9ede-b9 > .kt-inside-inner-col:before{border-top-left-radius:0px;border-top-right-radius:0px;border-bottom-right-radius:0px;border-bottom-left-radius:0px;}.kadence-column1057_0e9ede-b9 > .kt-inside-inner-col{column-gap:var(--global-kb-gap-sm, 1rem);}.kadence-column1057_0e9ede-b9 > .kt-inside-inner-col{flex-direction:column;}.kadence-column1057_0e9ede-b9 > .kt-inside-inner-col > .aligncenter{width:100%;}.kadence-column1057_0e9ede-b9 > .kt-inside-inner-col:before{opacity:0.3;}.kadence-column1057_0e9ede-b9{position:relative;}.kadence-column1057_0e9ede-b9, .kt-inside-inner-col > .kadence-column1057_0e9ede-b9:not(.specificity){margin-left:60px;}@media all and (max-width: 1024px){.kadence-column1057_0e9ede-b9 > .kt-inside-inner-col{flex-direction:column;justify-content:center;}}@media all and (max-width: 767px){.kadence-column1057_0e9ede-b9 > .kt-inside-inner-col{padding-top:0px;padding-right:0px;padding-bottom:0px;padding-left:0px;flex-direction:column;justify-content:center;}.kadence-column1057_0e9ede-b9, .kt-inside-inner-col > .kadence-column1057_0e9ede-b9:not(.specificity){margin-top:0px;margin-right:0px;margin-bottom:0px;margin-left:0px;}}<\/style>\n<div class=\"wp-block-kadence-column kadence-column1057_0e9ede-b9 inner-column-3\"><div class=\"kt-inside-inner-col\"><style>.wp-block-kadence-advancedheading.kt-adv-heading1057_af7e12-6b, .wp-block-kadence-advancedheading.kt-adv-heading1057_af7e12-6b[data-kb-block=\"kb-adv-heading1057_af7e12-6b\"]{margin-bottom:0px;text-align:left;font-size:90px;font-style:normal;}.wp-block-kadence-advancedheading.kt-adv-heading1057_af7e12-6b mark.kt-highlight, .wp-block-kadence-advancedheading.kt-adv-heading1057_af7e12-6b[data-kb-block=\"kb-adv-heading1057_af7e12-6b\"] mark.kt-highlight{font-style:normal;color:#f76a0c;-webkit-box-decoration-break:clone;box-decoration-break:clone;padding-top:0px;padding-right:0px;padding-bottom:0px;padding-left:0px;}.wp-block-kadence-advancedheading.kt-adv-heading1057_af7e12-6b img.kb-inline-image, .wp-block-kadence-advancedheading.kt-adv-heading1057_af7e12-6b[data-kb-block=\"kb-adv-heading1057_af7e12-6b\"] img.kb-inline-image{width:150px;vertical-align:baseline;}<\/style>\n<h1 class=\"kt-adv-heading1057_af7e12-6b wp-block-kadence-advancedheading has-theme-palette-1-color has-text-color\" data-kb-block=\"kb-adv-heading1057_af7e12-6b\">1.<\/h1>\n\n\n<style>.wp-block-kadence-advancedheading.kt-adv-heading1057_93e369-5a, .wp-block-kadence-advancedheading.kt-adv-heading1057_93e369-5a[data-kb-block=\"kb-adv-heading1057_93e369-5a\"]{padding-top:20px;padding-bottom:20px;text-align:left;font-style:normal;}.wp-block-kadence-advancedheading.kt-adv-heading1057_93e369-5a mark.kt-highlight, .wp-block-kadence-advancedheading.kt-adv-heading1057_93e369-5a[data-kb-block=\"kb-adv-heading1057_93e369-5a\"] mark.kt-highlight{font-style:normal;color:#f76a0c;-webkit-box-decoration-break:clone;box-decoration-break:clone;padding-top:0px;padding-right:0px;padding-bottom:0px;padding-left:0px;}.wp-block-kadence-advancedheading.kt-adv-heading1057_93e369-5a img.kb-inline-image, .wp-block-kadence-advancedheading.kt-adv-heading1057_93e369-5a[data-kb-block=\"kb-adv-heading1057_93e369-5a\"] img.kb-inline-image{width:150px;vertical-align:baseline;}@media all and (max-width: 767px){.wp-block-kadence-advancedheading.kt-adv-heading1057_93e369-5a, .wp-block-kadence-advancedheading.kt-adv-heading1057_93e369-5a[data-kb-block=\"kb-adv-heading1057_93e369-5a\"]{font-size:24px;}}<\/style>\n<h2 class=\"kt-adv-heading1057_93e369-5a wp-block-kadence-advancedheading\" data-kb-block=\"kb-adv-heading1057_93e369-5a\">Anlageplanung<\/h2>\n\n\n<style>.wp-block-kadence-advancedheading.kt-adv-heading1057_dc6e90-8b, .wp-block-kadence-advancedheading.kt-adv-heading1057_dc6e90-8b[data-kb-block=\"kb-adv-heading1057_dc6e90-8b\"]{font-style:normal;}.wp-block-kadence-advancedheading.kt-adv-heading1057_dc6e90-8b mark.kt-highlight, .wp-block-kadence-advancedheading.kt-adv-heading1057_dc6e90-8b[data-kb-block=\"kb-adv-heading1057_dc6e90-8b\"] mark.kt-highlight{font-style:normal;color:#f76a0c;-webkit-box-decoration-break:clone;box-decoration-break:clone;padding-top:0px;padding-right:0px;padding-bottom:0px;padding-left:0px;}.wp-block-kadence-advancedheading.kt-adv-heading1057_dc6e90-8b img.kb-inline-image, .wp-block-kadence-advancedheading.kt-adv-heading1057_dc6e90-8b[data-kb-block=\"kb-adv-heading1057_dc6e90-8b\"] img.kb-inline-image{width:150px;vertical-align:baseline;}<\/style>\n<p class=\"kt-adv-heading1057_dc6e90-8b wp-block-kadence-advancedheading\" data-kb-block=\"kb-adv-heading1057_dc6e90-8b\">1.1 nach Verfahren und Spezifikation des Kunden:<br>Anlagen und Anlagenkomponenten f\u00fcr alle Industriezweige.<br>1.2 nach eigenen Verfahren:<br>Anlagen zur Reinigung, Rekonditionierung, Umarbeitung,<br>Lackierung, Bef\u00fcllung und<br>Verschrottung sowie Transport von:<br>&#8211; F\u00e4ssern, Gebinden.<br>&#8211; Fl\u00fcssigkeitscontainern<br>&#8211; Beh\u00e4ltern aller Art<br>&#8211; station\u00e4ren Gro\u00dftanks<br>&#8211; Tankwagen<br>&#8211; Kesselwagen.<\/p>\n\n\n\n<p>2. Anlagenautomatisierung<br>Automatisierung in Industrie und Anlagenbau<br>Me\u00df-, Steuerungs-, und Regelsysteme<br><br>3. Anlagenbau<br>Schl\u00fcsselfertige Erstellung von Anlagen und<br>Anlagenkomponenten<br>Modernisierung, Umbau und Erweiterung von Anlagen.<br><br>4. Allgemeine Ingenieurleistungen<br>Beratung<br>&#8211; Bestandsaufnahmen<br>&#8211; Studien<br>&#8211; Analysen<br>&#8211; Optimierungen<br>&#8211; Ausschreibungen<br>Planung<br>&#8211; Beh\u00f6rdenengineering<br>&#8211; Basisplanungen<br>&#8211; Detailplanungen<br>&#8211; Entwicklungen<br>&#8211; Sonderkonstruktionen<br>Beschaffung<br>&#8211; Anfragen<br>&#8211; Angebotsvergleiche<br>&#8211; Bestellungen im Namen und f\u00fcr Rechnung Dritter<br>&#8211; Termin\u00fcberwachung und Rechnungspr\u00fcfung<br>&#8211; Ab<\/p>\n\n\n<style>.wp-block-kadence-advancedbtn.kb-btns1057_d8ca47-0b{gap:var(--global-kb-gap-xs, 0.5rem );justify-content:flex-start;align-items:center;}.kt-btns1057_d8ca47-0b .kt-button{font-weight:normal;font-style:normal;}<\/style>\n<div class=\"wp-block-kadence-advancedbtn kb-buttons-wrap kb-btns1057_d8ca47-0b\"><style>ul.menu .wp-block-kadence-advancedbtn .kb-btn1057_e0d138-a1.kb-button{width:initial;}<\/style><span class=\"kb-button kt-button button kb-btn1057_e0d138-a1 kt-btn-size-standard kt-btn-width-type-auto kb-btn-global-inherit  kt-btn-has-text-true kt-btn-has-svg-false  wp-block-button__link wp-block-kadence-singlebtn\"><span class=\"kt-btn-inner-text\">Enter Gallery<\/span><\/span><\/div>\n<\/div><\/div>\n\n<\/div><\/div>","protected":false},"excerpt":{"rendered":"<p>Browse my work PORTFOLIO Lorem ipsum dolor sit amet, consectetur adipiscing elit. Ut elit tellus, luctus nec ullamcorper mattis, pulvinar dapibus leo. 1. Anlageplanung 1.1 nach Verfahren und Spezifikation des Kunden:Anlagen und Anlagenkomponenten f\u00fcr alle Industriezweige.1.2 nach eigenen Verfahren:Anlagen zur Reinigung, Rekonditionierung, Umarbeitung,Lackierung, Bef\u00fcllung undVerschrottung sowie Transport von:&#8211; F\u00e4ssern, Gebinden.&#8211; Fl\u00fcssigkeitscontainern&#8211; Beh\u00e4ltern aller Art&#8211; station\u00e4ren&#8230;<\/p>\n","protected":false},"author":1,"featured_media":979,"parent":0,"menu_order":0,"comment_status":"closed","ping_status":"closed","template":"","meta":{"_kadence_starter_templates_imported_post":true,"_kad_post_transparent":"","_kad_post_title":"hide","_kad_post_layout":"fullwidth","_kad_post_sidebar_id":"","_kad_post_content_style":"unboxed","_kad_post_vertical_padding":"hide","_kad_post_feature":"hide","_kad_post_feature_position":"","_kad_post_header":false,"_kad_post_footer":false,"_kad_post_classname":"","footnotes":""},"class_list":["post-1057","page","type-page","status-publish","has-post-thumbnail","hentry"],"_links":{"self":[{"href":"https:\/\/ibr-stempel.synology.me\/index.php?rest_route=\/wp\/v2\/pages\/1057","targetHints":{"allow":["GET"]}}],"collection":[{"href":"https:\/\/ibr-stempel.synology.me\/index.php?rest_route=\/wp\/v2\/pages"}],"about":[{"href":"https:\/\/ibr-stempel.synology.me\/index.php?rest_route=\/wp\/v2\/types\/page"}],"author":[{"embeddable":true,"href":"https:\/\/ibr-stempel.synology.me\/index.php?rest_route=\/wp\/v2\/users\/1"}],"replies":[{"embeddable":true,"href":"https:\/\/ibr-stempel.synology.me\/index.php?rest_route=%2Fwp%2Fv2%2Fcomments&post=1057"}],"version-history":[{"count":4,"href":"https:\/\/ibr-stempel.synology.me\/index.php?rest_route=\/wp\/v2\/pages\/1057\/revisions"}],"predecessor-version":[{"id":1090,"href":"https:\/\/ibr-stempel.synology.me\/index.php?rest_route=\/wp\/v2\/pages\/1057\/revisions\/1090"}],"wp:featuredmedia":[{"embeddable":true,"href":"https:\/\/ibr-stempel.synology.me\/index.php?rest_route=\/wp\/v2\/media\/979"}],"wp:attachment":[{"href":"https:\/\/ibr-stempel.synology.me\/index.php?rest_route=%2Fwp%2Fv2%2Fmedia&parent=1057"}],"curies":[{"name":"wp","href":"https:\/\/api.w.org\/{rel}","templated":true}]}}